{"id":147,"date":"2015-11-25T20:48:54","date_gmt":"2015-11-25T20:48:54","guid":{"rendered":"https:\/\/mitchellhamline.edu\/inclusion\/?page_id=147"},"modified":"2015-11-25T20:48:54","modified_gmt":"2015-11-25T20:48:54","slug":"american-civil-liberties-union","status":"publish","type":"page","link":"https:\/\/mitchellhamline.edu\/academics\/student-organizations\/american-civil-liberties-union\/","title":{"rendered":"American Civil Liberties Union &#8211; Student Chapter"},"content":{"rendered":"<div class=\"introduction-wrapper\">The Purpose of the Mitchell Hamline ACLU organization is to promote and increase interest in civil liberties, especially those of the student; to promote discussion about those civil liberties issues; and to protect those same civil liberties.<\/div>\n<h4>FAQ<\/h4>\n<p><strong>What is the mission of the ACLU Student Chapter at Mitchell Hamline? <\/strong>To promote and increase interest in civil liberties, especially those of the student; to promote discussion about civil liberties issues; and to protect those same civil liberties.<\/p>\n<p><strong>What types of issues does the ACLU deal with?\u00a0<\/strong>Racial Justice, Criminal Justice, Police Practices, Prisoner Rights, Immigrant Rights, Reproductive Freedom, LGBTQ+ Rights, Voting Rights, Privacy &amp; Technology, Religion and Belief, Student &amp; Youth Rights, Disability Rights, Privacy and National Security, and Personal Liberties!<\/p>\n<p><strong>How can I become a member and stay updated on the ACLU Student Chapter at Mitchell Hamline?<\/strong><br \/>\nTo be added to the ACLU MH membership e-distribution list, please reach out to our Membership Coordinator, <a href=\"mailto:LeRoi.Enriquez@mitchellhamline.edu\">LeRoi Enriquez<\/a>.<\/p>\n<p>You can also search &#8220;<a href=\"https:\/\/www.facebook.com\/groups\/1532283790139886\">ACLU Mitchell Hamline Student Chapter<\/a>&#8221; to join the ACLU Facebook group.<\/p>\n<p><strong>Contact Information:<\/strong> <a href=\"mailto:ACLU.board@mitchellhamline.edu\">ACLU.board@mitchellhamline.edu<\/a><\/p>\n<h4>2021-22 Officers<\/h4>\n<p><strong>President<\/strong><br \/>\nKatherine Hubbard<\/p>\n<p><strong>Vice President<\/strong><br \/>\nCassandra Buehler<\/p>\n<p><strong>Secretary\u00a0<\/strong><br \/>\nKaitlin Yira<\/p>\n<p><strong>Treasurer<br \/>\n<\/strong>Amanda Williams<\/p>\n<p><strong>Events Coordinator<\/strong><br \/>\nAlexander Hake<\/p>\n<p><strong>Membership Coordinator<\/strong><br \/>\nLe Roi Enriquez<\/p>\n<p><strong>Faculty Advisor<\/strong><br \/>\nProfessor Raleigh Levine<\/p>\n<h4><strong>Past Events<\/strong><\/h4>\n<p><strong>Is There an Immigration Crisis: How did we get here, and where are we going? <\/strong><\/p>\n<p>Mitchell Hamline ACLU and Immigration Law Student Organization (ILSO) co-hosted this panel.<\/p>\n<p>Immigration History, Law, and Policy, a discussion on &#8220;How we got here, a historical perspective&#8221; led by Dr. Jimmy Pati\u00f1o from the University of Minnesota. Next, Susana De Le\u00f3n of De Le\u00f3n, Nestor &amp; Torres provided insights into the legal issues immigration lawyers face in their work. Finally, Julia Decker, Policy Director for ACLU-MN, highlighted some policy issues that indicate where immigration law is going.<\/p>\n<p>In case you missed this event on September 28, 2021, <a href=\"https:\/\/mhsl.hosted.panopto.com\/Panopto\/Pages\/Viewer.aspx?id=487cb051-14d6-465f-b0c5-adb200277d70\">here is a recording<\/a>. It is worth 1.5 hours of <a href=\"https:\/\/mitchellhamline.edu\/diversity-equity-and-inclusion\/approved-diversity-programming\/\">Diversity Credit<\/a>.<\/p>\n<p><iframe loading=\"lazy\" src=\"https:\/\/mhsl.hosted.panopto.com\/Panopto\/Pages\/Viewer.aspx?id=487cb051-14d6-465f-b0c5-adb200277d70\" width=\"720\" height=\"405\" allowfullscreen=\"allowfullscreen\"><\/iframe><\/p>\n<p>&nbsp;<\/p>\n","protected":false},"excerpt":{"rendered":"<p>The Purpose of the Mitchell Hamline ACLU organization is to promote and increase interest in civil liberties, especially those of the student; to promote discussion about those civil liberties issues; and to protect those same civil liberties. FAQ What is the mission of the ACLU Student Chapter at Mitchell Hamline? To promote and increase interest &hellip; <\/p>\n<p><a href=\"https:\/\/mitchellhamline.edu\/academics\/student-organizations\/american-civil-liberties-union\/\" class=\"more-link\">American Civil Liberties Union &#8211; Student Chapter<\/a><\/p>\n","protected":false},"author":3,"featured_media":0,"parent":1922,"menu_order":0,"comment_status":"closed","ping_status":"closed","template":"","meta":{"_acf_changed":false,"_oasis_is_in_workflow":0,"_oasis_original":0,"_oasis_task_priority":"","_genesis_hide_title":false,"_genesis_hide_breadcrumbs":false,"_genesis_hide_singular_image":false,"_genesis_hide_footer_widgets":false,"_genesis_custom_body_class":"","_genesis_custom_post_class":"","_genesis_layout":"","footnotes":""},"class_list":{"0":"post-147","1":"page","2":"type-page","3":"status-publish","5":"entry"},"acf":[],"_links":{"self":[{"href":"https:\/\/mitchellhamline.edu\/academics\/wp-json\/wp\/v2\/pages\/147","targetHints":{"allow":["GET"]}}],"collection":[{"href":"https:\/\/mitchellhamline.edu\/academics\/wp-json\/wp\/v2\/pages"}],"about":[{"href":"https:\/\/mitchellhamline.edu\/academics\/wp-json\/wp\/v2\/types\/page"}],"author":[{"embeddable":true,"href":"https:\/\/mitchellhamline.edu\/academics\/wp-json\/wp\/v2\/users\/3"}],"replies":[{"embeddable":true,"href":"https:\/\/mitchellhamline.edu\/academics\/wp-json\/wp\/v2\/comments?post=147"}],"version-history":[{"count":0,"href":"https:\/\/mitchellhamline.edu\/academics\/wp-json\/wp\/v2\/pages\/147\/revisions"}],"up":[{"embeddable":true,"href":"https:\/\/mitchellhamline.edu\/academics\/wp-json\/wp\/v2\/pages\/1922"}],"wp:attachment":[{"href":"https:\/\/mitchellhamline.edu\/academics\/wp-json\/wp\/v2\/media?parent=147"}],"curies":[{"name":"wp","href":"https:\/\/api.w.org\/{rel}","templated":true}]}}